{"id":37,"date":"2021-05-27T20:55:39","date_gmt":"2021-05-27T20:55:39","guid":{"rendered":"http:\/\/www.compadd.ufpr.br\/?page_id=37"},"modified":"2021-09-15T18:18:10","modified_gmt":"2021-09-15T18:18:10","slug":"home","status":"publish","type":"page","link":"http:\/\/www.compadd.ufpr.br\/","title":{"rendered":"Home"},"content":{"rendered":"[vc_row css=&#8221;.vc_custom_1624471532264{margin-top: 20px !important;}&#8221;][vc_column][vc_column_text css=&#8221;.vc_custom_1624657336435{padding-top: 25px !important;padding-bottom: 25px !important;}&#8221;]\n<h1 style=\"text-align: center;\"><span style=\"color: #ffffff;\">Novidades<\/span><\/h1>\n[\/vc_column_text]<div class=\"vcex-module wpex-carousel wpex-carousel-post-type wpex-clr owl-carousel arrwstyle-default\" data-wpex-carousel=\"{&quot;nav&quot;:true,&quot;dots&quot;:true,&quot;autoplay&quot;:false,&quot;loop&quot;:true,&quot;center&quot;:false,&quot;smartSpeed&quot;:250,&quot;items&quot;:4,&quot;slideBy&quot;:1,&quot;autoplayTimeout&quot;:5000,&quot;margin&quot;:15,&quot;itemsTablet&quot;:3,&quot;itemsMobileLandscape&quot;:2,&quot;itemsMobilePortrait&quot;:1,&quot;autoWidth&quot;:false,&quot;autoHeight&quot;:false}\"><div class=\"wpex-carousel-slide wpex-clr post-801 entry type-post has-media cat-5 cat-3 cat-3 post_tag-52 post_tag-51\"><div class=\"wpex-carousel-entry-media wpex-clr\"><a href=\"http:\/\/www.compadd.ufpr.br\/?p=801\" title=\"Coordenador do Compadd lan\u00e7a guia sobre uso \u00e9tico da IA generativa\" class=\"wpex-carousel-entry-img\"><img width=\"749\" height=\"1064\" src=\"http:\/\/www.compadd.ufpr.br\/wp-content\/uploads\/capa-guia-AI.png\" class=\"skip-lazy\" alt=\"\" loading=\"lazy\" data-no-lazy=\"1\" srcset=\"http:\/\/www.compadd.ufpr.br\/wp-content\/uploads\/capa-guia-AI.png 749w, http:\/\/www.compadd.ufpr.br\/wp-content\/uploads\/capa-guia-AI-211x300.png 211w, http:\/\/www.compadd.ufpr.br\/wp-content\/uploads\/capa-guia-AI-721x1024.png 721w\" sizes=\"(max-width: 749px) 100vw, 749px\" \/><\/a><\/div><div class=\"wpex-carousel-entry-details wpex-clr\"><div class=\"wpex-carousel-entry-title entry-title\"><a href=\"http:\/\/www.compadd.ufpr.br\/?p=801\">Coordenador do Compadd lan\u00e7a guia sobre uso \u00e9tico da IA generativa<\/a><\/div><div class=\"vcex-carousel-entry-date wpex-clr\">janeiro 10, 2025<\/div><div class=\"wpex-carousel-entry-excerpt wpex-clr\"><p>O ebook \u201cDiretrizes para o uso \u00e9tico e respons\u00e1vel da Intelig\u00eancia Artificial Generativa: um guia&hellip;<\/p><\/div><\/div><\/div><div class=\"wpex-carousel-slide wpex-clr post-792 entry type-post no-media cat-4 cat-3 cat-3\"><div class=\"wpex-carousel-entry-details wpex-clr\"><div class=\"wpex-carousel-entry-title entry-title\"><a href=\"http:\/\/www.compadd.ufpr.br\/?p=792\">Cristina Graeml foi realmente uma grande surpresa?<\/a><\/div><div class=\"vcex-carousel-entry-date wpex-clr\">outubro 9, 2024<\/div><div class=\"wpex-carousel-entry-excerpt wpex-clr\"><p>Por Tiago Borges e Murilo Brum Alison &nbsp; Ap\u00f3s a divulga\u00e7\u00e3o das \u00faltimas pesquisas de&hellip;<\/p><\/div><\/div><\/div><div class=\"wpex-carousel-slide wpex-clr post-736 entry type-post has-media cat-5 cat-3 cat-3 post_tag-23 post_tag-50 post_tag-47 post_format-12\"><div class=\"wpex-carousel-entry-media wpex-clr\"><a href=\"http:\/\/www.compadd.ufpr.br\/?p=736\" title=\"Evento \u201cDeixe seu Like: Comunica\u00e7\u00e3o e Pol\u00edtica nas Plataformas de V\u00eddeo\u201d\" class=\"wpex-carousel-entry-img\"><img width=\"940\" height=\"788\" src=\"http:\/\/www.compadd.ufpr.br\/wp-content\/uploads\/abertura-like.jpeg\" class=\"skip-lazy\" alt=\"\" loading=\"lazy\" data-no-lazy=\"1\" srcset=\"http:\/\/www.compadd.ufpr.br\/wp-content\/uploads\/abertura-like.jpeg 940w, http:\/\/www.compadd.ufpr.br\/wp-content\/uploads\/abertura-like-300x251.jpeg 300w, http:\/\/www.compadd.ufpr.br\/wp-content\/uploads\/abertura-like-768x644.jpeg 768w\" sizes=\"(max-width: 940px) 100vw, 940px\" \/><\/a><\/div><div class=\"wpex-carousel-entry-details wpex-clr\"><div class=\"wpex-carousel-entry-title entry-title\"><a href=\"http:\/\/www.compadd.ufpr.br\/?p=736\">Evento \u201cDeixe seu Like: Comunica\u00e7\u00e3o e Pol\u00edtica nas Plataformas de V\u00eddeo\u201d<\/a><\/div><div class=\"vcex-carousel-entry-date wpex-clr\">agosto 18, 2023<\/div><div class=\"wpex-carousel-entry-excerpt wpex-clr\"><p>O COMPADD tem a satisfa\u00e7\u00e3o de anunciar a programa\u00e7\u00e3o do evento\u00a0\u201cDeixe seu Like: Comunica\u00e7\u00e3o e&hellip;<\/p><\/div><\/div><\/div><div class=\"wpex-carousel-slide wpex-clr post-728 entry type-post has-media cat-4 cat-3 cat-3\"><div class=\"wpex-carousel-entry-media wpex-clr\"><a href=\"http:\/\/www.compadd.ufpr.br\/?p=728\" title=\"Entendendo o PL 2630\/2020:Debates e Implica\u00e7\u00f5es para a Internet.\" class=\"wpex-carousel-entry-img\"><img width=\"1280\" height=\"853\" src=\"http:\/\/www.compadd.ufpr.br\/wp-content\/uploads\/fake-ga73e2d0dc-1280.jpg\" class=\"skip-lazy\" alt=\"\" loading=\"lazy\" data-no-lazy=\"1\" srcset=\"http:\/\/www.compadd.ufpr.br\/wp-content\/uploads\/fake-ga73e2d0dc-1280.jpg 1280w, http:\/\/www.compadd.ufpr.br\/wp-content\/uploads\/fake-ga73e2d0dc-1280-300x200.jpg 300w, http:\/\/www.compadd.ufpr.br\/wp-content\/uploads\/fake-ga73e2d0dc-1280-1024x682.jpg 1024w, http:\/\/www.compadd.ufpr.br\/wp-content\/uploads\/fake-ga73e2d0dc-1280-768x512.jpg 768w\" sizes=\"(max-width: 1280px) 100vw, 1280px\" \/><\/a><\/div><div class=\"wpex-carousel-entry-details wpex-clr\"><div class=\"wpex-carousel-entry-title entry-title\"><a href=\"http:\/\/www.compadd.ufpr.br\/?p=728\">Entendendo o PL 2630\/2020:Debates e Implica\u00e7\u00f5es para a Internet.<\/a><\/div><div class=\"vcex-carousel-entry-date wpex-clr\">junho 23, 2023<\/div><div class=\"wpex-carousel-entry-excerpt wpex-clr\"><p>O tema \u201cfake news\u201d se tornou um objeto central nos estudos acerca de desinforma\u00e7\u00e3o e&hellip;<\/p><\/div><\/div><\/div><div class=\"wpex-carousel-slide wpex-clr post-713 entry type-post no-media cat-1\"><div class=\"wpex-carousel-entry-details wpex-clr\"><div class=\"wpex-carousel-entry-title entry-title\"><a href=\"http:\/\/www.compadd.ufpr.br\/?p=713\">TECNOLOGIA E DEMOCRACIA: ainda faz sentido falar em exclus\u00e3o digital?<\/a><\/div><div class=\"vcex-carousel-entry-date wpex-clr\">junho 14, 2023<\/div><div class=\"wpex-carousel-entry-excerpt wpex-clr\"><p>Todos os dias, com abissais exce\u00e7\u00f5es, nos deparamos do momento que acordamos, at\u00e9 o outro&hellip;<\/p><\/div><\/div><\/div><div class=\"wpex-carousel-slide wpex-clr post-705 entry type-post has-media cat-4 cat-3\"><div class=\"wpex-carousel-entry-media wpex-clr\"><a href=\"http:\/\/www.compadd.ufpr.br\/?p=705\" title=\"Habermas escreve sobre Capit\u00f3lio e emerg\u00eancias do jornalismo\" class=\"wpex-carousel-entry-img\"><img width=\"1000\" height=\"667\" src=\"http:\/\/www.compadd.ufpr.br\/wp-content\/uploads\/ap21089769020816.jpg\" class=\"skip-lazy\" alt=\"Capit\u00f3lio \u00e9 depredado, nos Estados Unidos. Foto: Manuel Balce Ceneta\/AP.\" loading=\"lazy\" data-no-lazy=\"1\" srcset=\"http:\/\/www.compadd.ufpr.br\/wp-content\/uploads\/ap21089769020816.jpg 1000w, http:\/\/www.compadd.ufpr.br\/wp-content\/uploads\/ap21089769020816-300x200.jpg 300w, http:\/\/www.compadd.ufpr.br\/wp-content\/uploads\/ap21089769020816-768x512.jpg 768w\" sizes=\"(max-width: 1000px) 100vw, 1000px\" \/><\/a><\/div><div class=\"wpex-carousel-entry-details wpex-clr\"><div class=\"wpex-carousel-entry-title entry-title\"><a href=\"http:\/\/www.compadd.ufpr.br\/?p=705\">Habermas escreve sobre Capit\u00f3lio e emerg\u00eancias do jornalismo<\/a><\/div><div class=\"vcex-carousel-entry-date wpex-clr\">maio 9, 2023<\/div><div class=\"wpex-carousel-entry-excerpt wpex-clr\"><p>Em artigo recente, J\u00fcrgen Habermas escreve \"Reflex\u00f5es e hip\u00f3teses sobre a transforma\u00e7\u00e3o estrutural ulterior da&hellip;<\/p><\/div><\/div><\/div><div class=\"wpex-carousel-slide wpex-clr post-664 entry type-post has-media cat-1 post_tag-23 post_tag-49 post_tag-40 post_tag-21\"><div class=\"wpex-carousel-entry-media wpex-clr\"><a href=\"http:\/\/www.compadd.ufpr.br\/?p=664\" title=\"O uso da #mulheresnapolitica dentro do TikTok\" class=\"wpex-carousel-entry-img\"><img width=\"1280\" height=\"768\" src=\"http:\/\/www.compadd.ufpr.br\/wp-content\/uploads\/tiktok-hashtag.jpg\" class=\"skip-lazy\" alt=\"\" loading=\"lazy\" data-no-lazy=\"1\" srcset=\"http:\/\/www.compadd.ufpr.br\/wp-content\/uploads\/tiktok-hashtag.jpg 1280w, http:\/\/www.compadd.ufpr.br\/wp-content\/uploads\/tiktok-hashtag-300x180.jpg 300w, http:\/\/www.compadd.ufpr.br\/wp-content\/uploads\/tiktok-hashtag-1024x614.jpg 1024w, http:\/\/www.compadd.ufpr.br\/wp-content\/uploads\/tiktok-hashtag-768x461.jpg 768w\" sizes=\"(max-width: 1280px) 100vw, 1280px\" \/><\/a><\/div><div class=\"wpex-carousel-entry-details wpex-clr\"><div class=\"wpex-carousel-entry-title entry-title\"><a href=\"http:\/\/www.compadd.ufpr.br\/?p=664\">O uso da #mulheresnapolitica dentro do TikTok<\/a><\/div><div class=\"vcex-carousel-entry-date wpex-clr\">abril 15, 2023<\/div><div class=\"wpex-carousel-entry-excerpt wpex-clr\"><p>Quando olhamos para o uso das internet e das redes sociais digitais, percebe-se que a&hellip;<\/p><\/div><\/div><\/div><div class=\"wpex-carousel-slide wpex-clr post-658 entry type-post has-media cat-4 cat-3 post_tag-48\"><div class=\"wpex-carousel-entry-media wpex-clr\"><a href=\"http:\/\/www.compadd.ufpr.br\/?p=658\" title=\"Como combater a desinforma\u00e7\u00e3o? N\u00e3o h\u00e1 receita, mas iniciativas inspiradoras!\" class=\"wpex-carousel-entry-img\"><img width=\"2560\" height=\"1440\" src=\"http:\/\/www.compadd.ufpr.br\/wp-content\/uploads\/youtube-icon-line-connection-of-circuit-board-scaled.jpg\" class=\"skip-lazy\" alt=\"youtube\" loading=\"lazy\" data-no-lazy=\"1\" srcset=\"http:\/\/www.compadd.ufpr.br\/wp-content\/uploads\/youtube-icon-line-connection-of-circuit-board-scaled.jpg 2560w, http:\/\/www.compadd.ufpr.br\/wp-content\/uploads\/youtube-icon-line-connection-of-circuit-board-300x169.jpg 300w, http:\/\/www.compadd.ufpr.br\/wp-content\/uploads\/youtube-icon-line-connection-of-circuit-board-1024x576.jpg 1024w, http:\/\/www.compadd.ufpr.br\/wp-content\/uploads\/youtube-icon-line-connection-of-circuit-board-768x432.jpg 768w, http:\/\/www.compadd.ufpr.br\/wp-content\/uploads\/youtube-icon-line-connection-of-circuit-board-1536x864.jpg 1536w, http:\/\/www.compadd.ufpr.br\/wp-content\/uploads\/youtube-icon-line-connection-of-circuit-board-2048x1152.jpg 2048w\" sizes=\"(max-width: 2560px) 100vw, 2560px\" \/><\/a><\/div><div class=\"wpex-carousel-entry-details wpex-clr\"><div class=\"wpex-carousel-entry-title entry-title\"><a href=\"http:\/\/www.compadd.ufpr.br\/?p=658\">Como combater a desinforma\u00e7\u00e3o? N\u00e3o h\u00e1 receita, mas iniciativas inspiradoras!<\/a><\/div><div class=\"vcex-carousel-entry-date wpex-clr\">dezembro 2, 2022<\/div><div class=\"wpex-carousel-entry-excerpt wpex-clr\"><p>O ano de 2022 foi intenso na \u00e1rea de comunica\u00e7\u00e3o e pol\u00edtica. Novembro come\u00e7ou com&hellip;<\/p><\/div><\/div><\/div><\/div>[\/vc_column][\/vc_row][vc_row full_width=&#8221;stretch_row&#8221; css=&#8221;.vc_custom_1624473599328{padding-top: 45px !important;padding-bottom: 45px !important;background-color: #50b8ad !important;}&#8221;][vc_column css=&#8221;.vc_custom_1624473199823{margin-top: 30px !important;}&#8221;][vc_column_text]\n<h1 style=\"text-align: center;\"><span style=\"color: #ffffff;\">Sobre<\/span><\/h1>\n<p><span style=\"color: #ffffff;\">O grupo de Pesquisa sobre Comunica\u00e7\u00e3o Pol\u00edtica e Democracia Digital (COMPADD) tem sua origem em outro grupo de pesquisa com tem\u00e1ticas similares, o grupo de pesquisa de Comunica\u00e7\u00e3o e Participa\u00e7\u00e3o Pol\u00edtica (COMPA), que agregava docentes e discentes da Comunica\u00e7\u00e3o e da Ci\u00eancia Pol\u00edtica. Em 2021, pelo crescimento do n\u00famero de estudantes e tem\u00e1ticas conectadas exclusivamente aos meios digitais, decidiu-se pela cria\u00e7\u00e3o do Compadd, que continua em parceria direta com o Compa.<\/span>[\/vc_column_text][\/vc_column][\/vc_row][vc_row full_width=&#8221;stretch_row&#8221; content_placement=&#8221;middle&#8221; css=&#8221;.vc_custom_1624473288516{background-color: #fcfcfc !important;}&#8221;][vc_column][vc_column_text css=&#8221;.vc_custom_1624473465966{padding-top: 25px !important;padding-bottom: 25px !important;}&#8221;]\n<h1 style=\"text-align: center;\">Conhe\u00e7a<\/h1>\n[\/vc_column_text][vc_row_inner content_placement=&#8221;middle&#8221;][vc_column_inner width=&#8221;1\/3&#8243;][vc_hoverbox image=&#8221;89&#8243; primary_title=&#8221;SOBRE&#8221; primary_title_font_container=&#8221;font_size:36|color:%23ffffff&#8221; primary_title_google_fonts=&#8221;font_family:PT%20Sans%3Aregular%2Citalic%2C700%2C700italic|font_style:700%20bold%20regular%3A700%3Anormal&#8221; primary_title_css_animation=&#8221;fadeInDown&#8221; hover_title=&#8221;SOBRE&#8221; hover_title_font_container=&#8221;font_size:36|color:%23ffffff&#8221; hover_title_google_fonts=&#8221;font_family:PT%20Sans%3Aregular%2Citalic%2C700%2C700italic|font_style:400%20regular%3A400%3Anormal&#8221; hover_title_css_animation=&#8221;none&#8221; hover_background_color=&#8221;custom&#8221; use_custom_fonts_primary_title=&#8221;true&#8221; use_custom_fonts_hover_title=&#8221;true&#8221; hover_custom_background=&#8221;#1b78b7&#8243; primary_title_link=&#8221;url:http%3A%2F%2Fwww.compadd.ufpr.br%2F%3Fpage_id%3D7|||&#8221; hover_title_link=&#8221;url:http%3A%2F%2Fwww.compadd.ufpr.br%2F%3Fpage_id%3D7|title:Sobre||&#8221;]<span style=\"font-family: 'PT Sans'; color: #ffffff;\">Saiba mais sobre o nosso grupo.<\/span>[\/vc_hoverbox][vc_empty_space][vc_hoverbox image=&#8221;91&#8243; primary_title=&#8221;PESQUISA&#8221; primary_title_font_container=&#8221;font_size:36|color:%23ffffff&#8221; primary_title_google_fonts=&#8221;font_family:PT%20Sans%3Aregular%2Citalic%2C700%2C700italic|font_style:700%20bold%20regular%3A700%3Anormal&#8221; primary_title_css_animation=&#8221;fadeInDown&#8221; hover_title=&#8221;PESQUISA&#8221; hover_title_font_container=&#8221;font_size:36|color:%23ffffff&#8221; hover_title_google_fonts=&#8221;font_family:PT%20Sans%3Aregular%2Citalic%2C700%2C700italic|font_style:400%20regular%3A400%3Anormal&#8221; hover_title_css_animation=&#8221;none&#8221; hover_background_color=&#8221;custom&#8221; use_custom_fonts_primary_title=&#8221;true&#8221; use_custom_fonts_hover_title=&#8221;true&#8221; hover_custom_background=&#8221;#1b78b7&#8243; primary_title_link=&#8221;url:http%3A%2F%2Fwww.compadd.ufpr.br%2F%3Fpage_id%3D11|title:Pesquisa||&#8221; hover_title_link=&#8221;url:http%3A%2F%2Fwww.compadd.ufpr.br%2F%3Fpage_id%3D11|title:Pesquisa||&#8221;]<span style=\"color: #ffffff;\">Saiba mais sobre as nossas linhas de pesquisas.<\/span>[\/vc_hoverbox][\/vc_column_inner][vc_column_inner width=&#8221;1\/3&#8243;][vc_hoverbox image=&#8221;97&#8243; primary_title=&#8221;EQUIPE&#8221; primary_title_font_container=&#8221;font_size:36|color:%23ffffff&#8221; primary_title_google_fonts=&#8221;font_family:PT%20Sans%3Aregular%2Citalic%2C700%2C700italic|font_style:700%20bold%20regular%3A700%3Anormal&#8221; primary_title_css_animation=&#8221;fadeInDown&#8221; hover_title=&#8221;EQUIPE&#8221; hover_title_font_container=&#8221;font_size:36|color:%23ffffff&#8221; hover_title_google_fonts=&#8221;font_family:PT%20Sans%3Aregular%2Citalic%2C700%2C700italic|font_style:400%20regular%3A400%3Anormal&#8221; hover_title_css_animation=&#8221;none&#8221; hover_background_color=&#8221;custom&#8221; use_custom_fonts_primary_title=&#8221;true&#8221; use_custom_fonts_hover_title=&#8221;true&#8221; hover_custom_background=&#8221;#1b78b7&#8243; primary_title_link=&#8221;url:http%3A%2F%2Fwww.compadd.ufpr.br%2F%3Fpage_id%3D9|title:Equipe||&#8221; hover_title_link=&#8221;url:http%3A%2F%2Fwww.compadd.ufpr.br%2F%3Fpage_id%3D9|title:Equipe||&#8221;]<span style=\"font-family: 'PT Sans'; color: #ffffff;\">Conhe\u00e7a nossa equipe de pesquisadores.<\/span>[\/vc_hoverbox][vc_empty_space][vc_hoverbox image=&#8221;95&#8243; primary_title=&#8221;NOVIDADES&#8221; primary_title_font_container=&#8221;font_size:36|color:%23ffffff&#8221; primary_title_google_fonts=&#8221;font_family:PT%20Sans%3Aregular%2Citalic%2C700%2C700italic|font_style:700%20bold%20regular%3A700%3Anormal&#8221; primary_title_css_animation=&#8221;fadeInDown&#8221; hover_title=&#8221;NOVIDADES&#8221; hover_title_font_container=&#8221;font_size:36|color:%23ffffff&#8221; hover_title_google_fonts=&#8221;font_family:PT%20Sans%3Aregular%2Citalic%2C700%2C700italic|font_style:400%20regular%3A400%3Anormal&#8221; hover_title_css_animation=&#8221;none&#8221; hover_background_color=&#8221;custom&#8221; use_custom_fonts_primary_title=&#8221;true&#8221; use_custom_fonts_hover_title=&#8221;true&#8221; hover_custom_background=&#8221;#1b78b7&#8243; primary_title_link=&#8221;url:http%3A%2F%2Fwww.compadd.ufpr.br%2F%3Fcat%3D3|title:Novidades||&#8221; hover_title_link=&#8221;url:http%3A%2F%2Fwww.compadd.ufpr.br%2F%3Fcat%3D3|title:Novidades||&#8221;]<span style=\"font-family: 'PT Sans'; color: #ffffff;\">Fique por dentro das nossas novidades.<\/span>[\/vc_hoverbox][\/vc_column_inner][vc_column_inner width=&#8221;1\/3&#8243;][vc_hoverbox image=&#8221;87&#8243; primary_title=&#8221;PUBLICA\u00c7\u00d5ES&#8221; primary_title_font_container=&#8221;font_size:36|color:%23ffffff&#8221; primary_title_google_fonts=&#8221;font_family:PT%20Sans%3Aregular%2Citalic%2C700%2C700italic|font_style:700%20bold%20regular%3A700%3Anormal&#8221; primary_title_css_animation=&#8221;fadeInDown&#8221; hover_title=&#8221;PUBLICA\u00c7\u00d5ES&#8221; hover_title_font_container=&#8221;font_size:36|color:%23ffffff&#8221; hover_title_google_fonts=&#8221;font_family:PT%20Sans%3Aregular%2Citalic%2C700%2C700italic|font_style:400%20regular%3A400%3Anormal&#8221; hover_title_css_animation=&#8221;none&#8221; hover_background_color=&#8221;custom&#8221; use_custom_fonts_primary_title=&#8221;true&#8221; use_custom_fonts_hover_title=&#8221;true&#8221; hover_custom_background=&#8221;#1b78b7&#8243; primary_title_link=&#8221;url:http%3A%2F%2Fwww.compadd.ufpr.br%2F%3Fpage_id%3D17|title:Publica%C3%A7%C3%B5es||&#8221; hover_title_link=&#8221;url:http%3A%2F%2Fwww.compadd.ufpr.br%2F%3Fpage_id%3D17|title:Publica%C3%A7%C3%B5es||&#8221;]<span style=\"color: #ffffff;\">Acompanhe nossas publica\u00e7\u00f5es.<\/span>[\/vc_hoverbox][vc_empty_space][vc_hoverbox image=&#8221;93&#8243; primary_title=&#8221;CONTATO&#8221; primary_title_font_container=&#8221;font_size:36|color:%23ffffff&#8221; primary_title_google_fonts=&#8221;font_family:PT%20Sans%3Aregular%2Citalic%2C700%2C700italic|font_style:700%20bold%20regular%3A700%3Anormal&#8221; primary_title_css_animation=&#8221;fadeInDown&#8221; hover_title=&#8221;CONTATO&#8221; hover_title_font_container=&#8221;font_size:36|color:%23ffffff&#8221; hover_title_google_fonts=&#8221;font_family:PT%20Sans%3Aregular%2Citalic%2C700%2C700italic|font_style:400%20regular%3A400%3Anormal&#8221; hover_title_css_animation=&#8221;none&#8221; hover_background_color=&#8221;custom&#8221; use_custom_fonts_primary_title=&#8221;true&#8221; use_custom_fonts_hover_title=&#8221;true&#8221; hover_custom_background=&#8221;#1b78b7&#8243; primary_title_link=&#8221;url:http%3A%2F%2Fwww.compadd.ufpr.br%2F%3Fpage_id%3D25|title:Contato||&#8221; hover_title_link=&#8221;url:http%3A%2F%2Fwww.compadd.ufpr.br%2F%3Fpage_id%3D25|title:Contato||&#8221;]<span style=\"font-family: 'PT Sans'; color: #ffffff;\">Entre em contato conosco.<\/span>[\/vc_hoverbox][\/vc_column_inner][\/vc_row_inner][\/vc_column][\/vc_row]\n","protected":false},"excerpt":{"rendered":"<p>[vc_row css=&#8221;.vc_custom_1624471532264{margin-top: 20px !important;}&#8221;][vc_column][vc_column_text css=&#8221;.vc_custom_1624657336435{padding-top: 25px !important;padding-bottom: 25px !important;}&#8221;] Novidades [\/vc_column_text][\/vc_column][\/vc_row][vc_row full_width=&#8221;stretch_row&#8221; css=&#8221;.vc_custom_1624473599328{padding-top: 45px !important;padding-bottom: 45px !important;background-color: #50b8ad !important;}&#8221;][vc_column css=&#8221;.vc_custom_1624473199823{margin-top: 30px !important;}&#8221;][vc_column_text] Sobre O grupo de Pesquisa sobre Comunica\u00e7\u00e3o Pol\u00edtica e Democracia Digital (COMPADD) tem sua origem em outro grupo&hellip;<\/p>\n","protected":false},"author":1,"featured_media":0,"parent":0,"menu_order":0,"comment_status":"closed","ping_status":"closed","template":"","meta":[],"_links":{"self":[{"href":"http:\/\/www.compadd.ufpr.br\/index.php?rest_route=\/wp\/v2\/pages\/37"}],"collection":[{"href":"http:\/\/www.compadd.ufpr.br\/index.php?rest_route=\/wp\/v2\/pages"}],"about":[{"href":"http:\/\/www.compadd.ufpr.br\/index.php?rest_route=\/wp\/v2\/types\/page"}],"author":[{"embeddable":true,"href":"http:\/\/www.compadd.ufpr.br\/index.php?rest_route=\/wp\/v2\/users\/1"}],"replies":[{"embeddable":true,"href":"http:\/\/www.compadd.ufpr.br\/index.php?rest_route=%2Fwp%2Fv2%2Fcomments&post=37"}],"version-history":[{"count":83,"href":"http:\/\/www.compadd.ufpr.br\/index.php?rest_route=\/wp\/v2\/pages\/37\/revisions"}],"predecessor-version":[{"id":432,"href":"http:\/\/www.compadd.ufpr.br\/index.php?rest_route=\/wp\/v2\/pages\/37\/revisions\/432"}],"wp:attachment":[{"href":"http:\/\/www.compadd.ufpr.br\/index.php?rest_route=%2Fwp%2Fv2%2Fmedia&parent=37"}],"curies":[{"name":"wp","href":"https:\/\/api.w.org\/{rel}","templated":true}]}}