{"id":13,"date":"2021-05-27T19:21:06","date_gmt":"2021-05-27T19:21:06","guid":{"rendered":"http:\/\/www.compadd.ufpr.br\/?page_id=13"},"modified":"2021-06-23T22:25:29","modified_gmt":"2021-06-23T22:25:29","slug":"linhas-de-pesquisa","status":"publish","type":"page","link":"http:\/\/www.compadd.ufpr.br\/?page_id=13","title":{"rendered":"Linhas de Pesquisa"},"content":{"rendered":"[vc_row][vc_column width=&#8221;1\/2&#8243;]<div class=\"vcex-image vcex-module vcex-clr\"><span class=\"vcex-image-inner\"><img src=\"http:\/\/www.compadd.ufpr.br\/wp-content\/uploads\/Banners-008.png\" alt='' data-no-retina width=\"1028\" height=\"350\" \/><\/span><\/div>[vc_column_text]\n<h2><b>Democracia digital no Brasil: estado da arte e compara\u00e7\u00e3o internacional<\/b><\/h2>\n<p><span style=\"font-weight: 400;\">Busca sistematicamente, levantar e analisar o estado da arte da Democracia Digital (ou e-Democracia) no Brasil. Trata-se de tem\u00e1tica ainda pouco visitada na ci\u00eancia pol\u00edtica, apesar da import\u00e2ncia crescente da internet em todas as \u00e1reas da atividade pol\u00edtica. Para tanto, a pesquisa buscar\u00e1 realizar prospec\u00e7\u00f5es e mapeamentos das iniciativas de e-Democracia ofertadas por atores pol\u00edticos do Estado e tamb\u00e9m pela esfera civil. Espera-se que os resultados ajudem a identificar as iniciativas mais bem-sucedidas e fatores diretamente respons\u00e1veis pelo sucesso ou fracasso de tais projetos e, em segundo momento, realizar uma compara\u00e7\u00e3o internacional. Entre projetos e discuss\u00f5es de democracia digital estamos pensando em: consultas p\u00fablicas online, or\u00e7amentos participativos digitais, peti\u00e7\u00f5es online, delibera\u00e7\u00e3o online, governo aberto, dados aberto, cidades inteligentes.<\/span>[\/vc_column_text][vc_empty_space][\/vc_column][vc_column width=&#8221;1\/2&#8243;]<div class=\"vcex-image vcex-module vcex-clr\"><span class=\"vcex-image-inner\"><img src=\"http:\/\/www.compadd.ufpr.br\/wp-content\/uploads\/Banners-009.png\" alt='' data-no-retina width=\"1028\" height=\"350\" \/><\/span><\/div>[vc_column_text]\n<h2><b>Comunica\u00e7\u00e3o Pol\u00edtica Digital Contempor\u00e2nea<\/b><\/h2>\n<p>&nbsp;<\/p>\n<p><b><\/b><span style=\"font-weight: 400;\">O objetivo \u00e9 entender como pol\u00edticos profissionais e institui\u00e7\u00f5es p\u00fablicas fazem uso dos meios digitais, notadamente as m\u00eddias sociais, para avan\u00e7ar suas agendas e tamb\u00e9m para interagirem com seus diferentes p\u00fablicos. Por conseguinte, isso acaba incluindo pesquisas sobre o fluxo e a circula\u00e7\u00e3o de informa\u00e7\u00e3o entre as diferentes plataformas, aplicativos e m\u00eddias sociais, incluindo temas como campanhas online, elei\u00e7\u00f5es online, uso de redes pelas elites pol\u00edticas, parlamentos online, fakenews, an\u00e1lise de redes, notadamente Instagram, Twitter e Youtube.<\/span>[\/vc_column_text][\/vc_column][\/vc_row]\n","protected":false},"excerpt":{"rendered":"<p>[vc_row][vc_column width=&#8221;1\/2&#8243;][vc_column_text] Democracia digital no Brasil: estado da arte e compara\u00e7\u00e3o internacional Busca sistematicamente, levantar e analisar o estado da arte da Democracia Digital (ou e-Democracia) no Brasil. Trata-se de tem\u00e1tica ainda pouco visitada na ci\u00eancia pol\u00edtica, apesar da import\u00e2ncia&hellip;<\/p>\n","protected":false},"author":1,"featured_media":0,"parent":11,"menu_order":0,"comment_status":"closed","ping_status":"closed","template":"","meta":[],"_links":{"self":[{"href":"http:\/\/www.compadd.ufpr.br\/index.php?rest_route=\/wp\/v2\/pages\/13"}],"collection":[{"href":"http:\/\/www.compadd.ufpr.br\/index.php?rest_route=\/wp\/v2\/pages"}],"about":[{"href":"http:\/\/www.compadd.ufpr.br\/index.php?rest_route=\/wp\/v2\/types\/page"}],"author":[{"embeddable":true,"href":"http:\/\/www.compadd.ufpr.br\/index.php?rest_route=\/wp\/v2\/users\/1"}],"replies":[{"embeddable":true,"href":"http:\/\/www.compadd.ufpr.br\/index.php?rest_route=%2Fwp%2Fv2%2Fcomments&post=13"}],"version-history":[{"count":5,"href":"http:\/\/www.compadd.ufpr.br\/index.php?rest_route=\/wp\/v2\/pages\/13\/revisions"}],"predecessor-version":[{"id":286,"href":"http:\/\/www.compadd.ufpr.br\/index.php?rest_route=\/wp\/v2\/pages\/13\/revisions\/286"}],"up":[{"embeddable":true,"href":"http:\/\/www.compadd.ufpr.br\/index.php?rest_route=\/wp\/v2\/pages\/11"}],"wp:attachment":[{"href":"http:\/\/www.compadd.ufpr.br\/index.php?rest_route=%2Fwp%2Fv2%2Fmedia&parent=13"}],"curies":[{"name":"wp","href":"https:\/\/api.w.org\/{rel}","templated":true}]}}